{"id":20693,"date":"2020-03-31T13:25:00","date_gmt":"2020-03-31T11:25:00","guid":{"rendered":"https:\/\/www.loiseliere.com\/contactez-nous\/"},"modified":"2025-12-09T15:33:08","modified_gmt":"2025-12-09T14:33:08","slug":"kontakt","status":"publish","type":"page","link":"https:\/\/www.loiseliere.com\/de\/kontakt\/","title":{"rendered":"Kontakt"},"content":{"rendered":"\t\t<div data-elementor-type=\"wp-page\" data-elementor-id=\"20693\" class=\"elementor elementor-20693 elementor-2531\">\n\t\t\t\t\t\t<section class=\"elementor-section elementor-top-section elementor-element elementor-element-530927c4 elementor-section-full_width elementor-section-stretched elementor-section-height-default elementor-section-height-default qodef-elementor-content-no\" data-id=\"530927c4\" data-element_type=\"section\" data-settings=\"{&quot;stretch_section&quot;:&quot;section-stretched&quot;}\">\n\t\t\t\t\t\t<div class=\"elementor-container elementor-column-gap-default\">\n\t\t\t\t\t<div class=\"elementor-column elementor-col-100 elementor-top-column elementor-element elementor-element-2202e671\" data-id=\"2202e671\" data-element_type=\"column\">\n\t\t\t<div class=\"elementor-widget-wrap elementor-element-populated\">\n\t\t\t\t\t\t<div class=\"elementor-element elementor-element-2433e6fa elementor-arrows-position-inside elementor-widget elementor-widget-image-carousel\" data-id=\"2433e6fa\" data-element_type=\"widget\" data-settings=\"{&quot;slides_to_show&quot;:&quot;2&quot;,&quot;navigation&quot;:&quot;arrows&quot;,&quot;image_spacing_custom&quot;:{&quot;unit&quot;:&quot;px&quot;,&quot;size&quot;:2,&quot;sizes&quot;:[]},&quot;autoplay&quot;:&quot;yes&quot;,&quot;pause_on_hover&quot;:&quot;yes&quot;,&quot;pause_on_interaction&quot;:&quot;yes&quot;,&quot;autoplay_speed&quot;:5000,&quot;infinite&quot;:&quot;yes&quot;,&quot;speed&quot;:500,&quot;image_spacing_custom_tablet&quot;:{&quot;unit&quot;:&quot;px&quot;,&quot;size&quot;:&quot;&quot;,&quot;sizes&quot;:[]},&quot;image_spacing_custom_mobile&quot;:{&quot;unit&quot;:&quot;px&quot;,&quot;size&quot;:&quot;&quot;,&quot;sizes&quot;:[]}}\" data-widget_type=\"image-carousel.default\">\n\t\t\t\t<div class=\"elementor-widget-container\">\n\t\t\t\t\t\t\t<div class=\"elementor-image-carousel-wrapper swiper\" role=\"region\" aria-roledescription=\"carousel\" aria-label=\"Carrousel d\u2019images\" dir=\"ltr\">\n\t\t\t<div class=\"elementor-image-carousel swiper-wrapper\" aria-live=\"off\">\n\t\t\t\t\t\t\t\t<div class=\"swiper-slide\" role=\"group\" aria-roledescription=\"slide\" aria-label=\"1 von 2\"><figure class=\"swiper-slide-inner\"><img decoding=\"async\" class=\"swiper-slide-image\" src=\"https:\/\/www.loiseliere.com\/wp-content\/uploads\/2025\/02\/domaine-camping-campagne-vue-soleil-douceur-vegetation-potager-maraichage-largeur-1100.jpg\" alt=\"RSE\" \/><\/figure><\/div><div class=\"swiper-slide\" role=\"group\" aria-roledescription=\"slide\" aria-label=\"2 von 2\"><figure class=\"swiper-slide-inner\"><img decoding=\"async\" class=\"swiper-slide-image\" src=\"https:\/\/www.loiseliere.com\/wp-content\/uploads\/2021\/09\/Lalaina-Judicael-article-largeur-900.jpg\" alt=\"Lalaina-Judicael-article-largeur-900\" \/><\/figure><\/div>\t\t\t<\/div>\n\t\t\t\t\t\t\t\t\t\t\t\t<div class=\"elementor-swiper-button elementor-swiper-button-prev\" role=\"button\" tabindex=\"0\">\n\t\t\t\t\t\t<i aria-hidden=\"true\" class=\"eicon-chevron-left\"><\/i>\t\t\t\t\t<\/div>\n\t\t\t\t\t<div class=\"elementor-swiper-button elementor-swiper-button-next\" role=\"button\" tabindex=\"0\">\n\t\t\t\t\t\t<i aria-hidden=\"true\" class=\"eicon-chevron-right\"><\/i>\t\t\t\t\t<\/div>\n\t\t\t\t\n\t\t\t\t\t\t\t\t\t<\/div>\n\t\t\t\t\t\t<\/div>\n\t\t\t\t<\/div>\n\t\t\t\t\t<\/div>\n\t\t<\/div>\n\t\t\t\t\t<\/div>\n\t\t<\/section>\n\t\t\t\t<section class=\"elementor-section elementor-top-section elementor-element elementor-element-c9042e3 elementor-section-full_width qodef-elementor-content-grid elementor-section-height-default elementor-section-height-default\" data-id=\"c9042e3\" data-element_type=\"section\">\n\t\t\t\t\t\t<div class=\"elementor-container elementor-column-gap-no\">\n\t\t\t\t\t<div class=\"elementor-column elementor-col-50 elementor-top-column elementor-element elementor-element-cc5b1cc\" data-id=\"cc5b1cc\" data-element_type=\"column\">\n\t\t\t<div class=\"elementor-widget-wrap elementor-element-populated\">\n\t\t\t\t\t\t<div class=\"elementor-element elementor-element-8f268a7 elementor-widget elementor-widget-text-editor\" data-id=\"8f268a7\" data-element_type=\"widget\" data-widget_type=\"text-editor.default\">\n\t\t\t\t<div class=\"elementor-widget-container\">\n\t\t\t\t\t\t\t\t\t<h1>Kontakt<\/h1>\t\t\t\t\t\t\t\t<\/div>\n\t\t\t\t<\/div>\n\t\t\t\t<div class=\"elementor-element elementor-element-667de18 elementor-widget elementor-widget-text-editor\" data-id=\"667de18\" data-element_type=\"widget\" data-widget_type=\"text-editor.default\">\n\t\t\t\t<div class=\"elementor-widget-container\">\n\t\t\t\t\t\t\t\t\t<h2>Kontaktinformationen<\/h2>\t\t\t\t\t\t\t\t<\/div>\n\t\t\t\t<\/div>\n\t\t\t\t<div class=\"elementor-element elementor-element-ef5c885 elementor-widget elementor-widget-text-editor\" data-id=\"ef5c885\" data-element_type=\"widget\" data-widget_type=\"text-editor.default\">\n\t\t\t\t<div class=\"elementor-widget-container\">\n\t\t\t\t\t\t\t\t\t<p><strong>+33 (0)2 51 41 38 74<\/strong><br \/><strong>contact@loiseliere.com<\/strong><\/p>\t\t\t\t\t\t\t\t<\/div>\n\t\t\t\t<\/div>\n\t\t\t\t<div class=\"elementor-element elementor-element-33fb205 elementor-widget elementor-widget-text-editor\" data-id=\"33fb205\" data-element_type=\"widget\" data-widget_type=\"text-editor.default\">\n\t\t\t\t<div class=\"elementor-widget-container\">\n\t\t\t\t\t\t\t\t\t<h2>\u00d6ffnungszeiten<\/h2>\t\t\t\t\t\t\t\t<\/div>\n\t\t\t\t<\/div>\n\t\t\t\t<div class=\"elementor-element elementor-element-1093e3c elementor-widget elementor-widget-text-editor\" data-id=\"1093e3c\" data-element_type=\"widget\" data-widget_type=\"text-editor.default\">\n\t\t\t\t<div class=\"elementor-widget-container\">\n\t\t\t\t\t\t\t\t\t<p>Wir empfangen Sie zu diesen Zeiten an der Rezeption und sind am Telefon erreichbar:<\/p><ul><li>Im Juli und August: Die ganze Woche \u00fcber von <strong>8:15 Uhr bis 20 Uhr<\/strong><\/li><li>Im April, Mai, Juni, September und Oktober: Von Montag bis Samstag von 8Uhr15 bis 12Uhr15 und von 13 Uhr bis 19 Uhr; Sonntag von 8 Uhr bis 12 Uhr<\/li><li>Van november tot maart: op maandag, dinsdag, donderdag en vrijdag van 9 tot 12 en van 14 tot 17 uur. Gesloten op woensdag, zaterdag en zondag (behalve voor aankomst en afspraken)<\/li><\/ul><p>Wenn wir ausnahmsweise nicht antworten, hinterlassen Sie bitte eine Nachricht (selbst im Notfall)- Wir werden sie schnellstm\u00f6glich anh\u00f6ren! (Anrufumleitung auf ein Handy 24\/24.)<\/p>\t\t\t\t\t\t\t\t<\/div>\n\t\t\t\t<\/div>\n\t\t\t\t<div class=\"elementor-element elementor-element-333f809 elementor-widget elementor-widget-text-editor\" data-id=\"333f809\" data-element_type=\"widget\" data-widget_type=\"text-editor.default\">\n\t\t\t\t<div class=\"elementor-widget-container\">\n\t\t\t\t\t\t\t\t\t<p>Die Oiseli\u00e8re<br \/>L\u2019Oiseli\u00e8re, 85140 Chauch\u00e9, Frankreich<\/p><p><strong>GPS- Koordinaten:<\/strong><br \/>Breitengrad: 46.841054<br \/>L\u00e4ngengrad: -1.300889<\/p>\t\t\t\t\t\t\t\t<\/div>\n\t\t\t\t<\/div>\n\t\t\t\t<div class=\"elementor-element elementor-element-532fe70 elementor-widget elementor-widget-alloggio_core_google_map\" data-id=\"532fe70\" data-element_type=\"widget\" data-widget_type=\"alloggio_core_google_map.default\">\n\t\t\t\t<div class=\"elementor-widget-container\">\n\t\t\t\t\t<div class=\"qodef-shortcode qodef-m  qodef-google-map\">\n\t<div class=\"qodef-m-map\" id=\"qodef-map-id--1\" data-addresses='[\"Via Venti Settembre, Roma\"]' data-pin=https:\/\/www.loiseliere.com\/wp-content\/plugins\/alloggio-core\/inc\/maps\/assets\/img\/pin.png data-unique-id=1 data-height=300><\/div>\n<\/div>\t\t\t\t<\/div>\n\t\t\t\t<\/div>\n\t\t\t\t\t<\/div>\n\t\t<\/div>\n\t\t\t\t<div class=\"elementor-column elementor-col-50 elementor-top-column elementor-element elementor-element-7ca5e6f\" data-id=\"7ca5e6f\" data-element_type=\"column\">\n\t\t\t<div class=\"elementor-widget-wrap elementor-element-populated\">\n\t\t\t\t\t\t<div class=\"elementor-element elementor-element-f52185c elementor-widget elementor-widget-text-editor\" data-id=\"f52185c\" data-element_type=\"widget\" data-widget_type=\"text-editor.default\">\n\t\t\t\t<div class=\"elementor-widget-container\">\n\t\t\t\t\t\t\t\t\t<h2>Formular<\/h2>\t\t\t\t\t\t\t\t<\/div>\n\t\t\t\t<\/div>\n\t\t\t\t<div class=\"elementor-element elementor-element-694fb05 elementor-widget elementor-widget-wp-widget-alloggio_core_contact_form_7\" data-id=\"694fb05\" data-element_type=\"widget\" data-widget_type=\"wp-widget-alloggio_core_contact_form_7.default\">\n\t\t\t\t<div class=\"elementor-widget-container\">\n\t\t\t\t\t\t\t\t<div class=\"qodef-contact-form-7\">\n\t\t\t\t\n<div class=\"wpcf7 no-js\" id=\"wpcf7-f20812-o1\" lang=\"de-DE\" dir=\"ltr\" data-wpcf7-id=\"20812\">\n<div class=\"screen-reader-response\"><p role=\"status\" aria-live=\"polite\" aria-atomic=\"true\"><\/p> <ul><\/ul><\/div>\n<form action=\"\/de\/wp-json\/wp\/v2\/pages\/20693#wpcf7-f20812-o1\" method=\"post\" class=\"wpcf7-form init\" aria-label=\"Kontaktformular\" novalidate=\"novalidate\" data-status=\"init\">\n<div style=\"display: none;\">\n<input type=\"hidden\" name=\"_wpcf7\" value=\"20812\" \/>\n<input type=\"hidden\" name=\"_wpcf7_version\" value=\"6.0.6\" \/>\n<input type=\"hidden\" name=\"_wpcf7_locale\" value=\"de_DE\" \/>\n<input type=\"hidden\" name=\"_wpcf7_unit_tag\" value=\"wpcf7-f20812-o1\" \/>\n<input type=\"hidden\" name=\"_wpcf7_container_post\" value=\"0\" \/>\n<input type=\"hidden\" name=\"_wpcf7_posted_data_hash\" value=\"\" \/>\n<input type=\"hidden\" name=\"_wpcf7_recaptcha_response\" value=\"\" \/>\n<\/div>\n<div class=\"qodef-grid qodef-gutter--small\"><div class=\"qodef-grid-inner\"><div class=\"qodef-grid-item\">\n<label> IHR NAME\n    <span class=\"wpcf7-form-control-wrap\" data-name=\"your-name\"><input size=\"40\" maxlength=\"400\" class=\"wpcf7-form-control wpcf7-text wpcf7-validates-as-required\" aria-required=\"true\" aria-invalid=\"false\" value=\"\" type=\"text\" name=\"your-name\" \/><\/span> <\/label>\n<\/div><\/div><\/div>\n<div class=\"qodef-grid qodef-gutter--small\"><div class=\"qodef-grid-inner\"><div class=\"qodef-grid-item\">\n<label> IHRE EMAILADRESSE\n    <span class=\"wpcf7-form-control-wrap\" data-name=\"your-email\"><input size=\"40\" maxlength=\"400\" class=\"wpcf7-form-control wpcf7-email wpcf7-validates-as-required wpcf7-text wpcf7-validates-as-email\" aria-required=\"true\" aria-invalid=\"false\" value=\"\" type=\"email\" name=\"your-email\" \/><\/span> <\/label>\n<\/div><\/div><\/div>\n<div class=\"qodef-grid qodef-gutter--small\"><div class=\"qodef-grid-inner\"><div class=\"qodef-grid-item\">\n<label> IHRE TELEFONNUMMER\n    <span class=\"wpcf7-form-control-wrap\" data-name=\"tel-584\"><input size=\"40\" maxlength=\"400\" class=\"wpcf7-form-control wpcf7-tel wpcf7-validates-as-required wpcf7-text wpcf7-validates-as-tel\" aria-required=\"true\" aria-invalid=\"false\" value=\"\" type=\"tel\" name=\"tel-584\" \/><\/span><\/label>\n<\/div><\/div><\/div>\n<div class=\"qodef-grid qodef-gutter--normal\"><div class=\"qodef-grid-inner\"><div class=\"qodef-grid-item\">\n<label> IHRE NACHRICHT\n    <span class=\"wpcf7-form-control-wrap\" data-name=\"your-message\"><textarea cols=\"40\" rows=\"6\" maxlength=\"2000\" class=\"wpcf7-form-control wpcf7-textarea\" aria-invalid=\"false\" name=\"your-message\"><\/textarea><\/span> <\/label>\n<\/div><\/div><\/div>\n\n<button class=\"wpcf7-form-control wpcf7-submit qodef-button qodef-size--normal qodef-type--outlined qodef-m\" type=\"submit\"><span class=\"qodef-m-text\">Nachricht senden<\/span><\/button><div class=\"wpcf7-response-output\" aria-hidden=\"true\"><\/div>\n<\/form>\n<\/div>\n\t\t\t<\/div>\n\t\t\t\t\t\t\t<\/div>\n\t\t\t\t<\/div>\n\t\t\t\t\t<\/div>\n\t\t<\/div>\n\t\t\t\t\t<\/div>\n\t\t<\/section>\n\t\t\t\t<\/div>\n\t\t","protected":false},"excerpt":{"rendered":"<p>Kontakt Kontaktinformationen +33 (0)2 51 41 38 74contact@loiseliere.com \u00d6ffnungszeiten Wir empfangen Sie zu diesen Zeiten an der Rezeption und sind am Telefon erreichbar: Im Juli und August: Die ganze Woche \u00fcber von 8:15 Uhr bis 20 Uhr Im April, Mai, Juni, September und Oktober: Von Montag bis Samstag von 8Uhr15 bis 12Uhr15 und von 13 [&hellip;]<\/p>\n","protected":false},"author":2,"featured_media":0,"parent":0,"menu_order":0,"comment_status":"closed","ping_status":"closed","template":"","meta":{"footnotes":""},"class_list":["post-20693","page","type-page","status-publish","hentry"],"yoast_head":"<!-- This site is optimized with the Yoast SEO plugin v24.8.1 - https:\/\/yoast.com\/wordpress\/plugins\/seo\/ -->\n<title>Kontakt - Domaine de l&#039;Oiseli\u00e8re<\/title>\n<meta name=\"description\" content=\"Vous souhaitez \u00eatre conseill\u00e9 ? Contactez-nous par email ou par t\u00e9l\u00e9phone : retrouvez toutes nos coordonn\u00e9es ici !\" \/>\n<meta name=\"robots\" content=\"index, follow, max-snippet:-1, max-image-preview:large, max-video-preview:-1\" \/>\n<link rel=\"canonical\" href=\"https:\/\/www.loiseliere.com\/de\/kontakt\/\" \/>\n<meta property=\"og:locale\" content=\"de_DE\" \/>\n<meta property=\"og:type\" content=\"article\" \/>\n<meta property=\"og:title\" content=\"Kontakt - Domaine de l&#039;Oiseli\u00e8re\" \/>\n<meta property=\"og:description\" content=\"Vous souhaitez \u00eatre conseill\u00e9 ? Contactez-nous par email ou par t\u00e9l\u00e9phone : retrouvez toutes nos coordonn\u00e9es ici !\" \/>\n<meta property=\"og:url\" content=\"https:\/\/www.loiseliere.com\/de\/kontakt\/\" \/>\n<meta property=\"og:site_name\" content=\"Domaine de l&#039;Oiseli\u00e8re\" \/>\n<meta property=\"article:publisher\" content=\"https:\/\/www.facebook.com\/loiseliere\" \/>\n<meta property=\"article:modified_time\" content=\"2025-12-09T14:33:08+00:00\" \/>\n<meta property=\"og:image\" content=\"https:\/\/www.loiseliere.com\/wp-content\/uploads\/2025\/02\/domaine-camping-campagne-vue-soleil-douceur-vegetation-potager-maraichage-largeur-1100.jpg\" \/>\n<meta name=\"twitter:card\" content=\"summary_large_image\" \/>\n<meta name=\"twitter:label1\" content=\"Gesch\u00e4tzte Lesezeit\" \/>\n\t<meta name=\"twitter:data1\" content=\"3\u00a0Minuten\" \/>\n<script type=\"application\/ld+json\" class=\"yoast-schema-graph\">{\"@context\":\"https:\/\/schema.org\",\"@graph\":[{\"@type\":\"WebPage\",\"@id\":\"https:\/\/www.loiseliere.com\/de\/kontakt\/\",\"url\":\"https:\/\/www.loiseliere.com\/de\/kontakt\/\",\"name\":\"Kontakt - Domaine de l&#039;Oiseli\u00e8re\",\"isPartOf\":{\"@id\":\"https:\/\/www.loiseliere.com\/de\/#website\"},\"primaryImageOfPage\":{\"@id\":\"https:\/\/www.loiseliere.com\/de\/kontakt\/#primaryimage\"},\"image\":{\"@id\":\"https:\/\/www.loiseliere.com\/de\/kontakt\/#primaryimage\"},\"thumbnailUrl\":\"https:\/\/www.loiseliere.com\/wp-content\/uploads\/2025\/02\/domaine-camping-campagne-vue-soleil-douceur-vegetation-potager-maraichage-largeur-1100.jpg\",\"datePublished\":\"2020-03-31T11:25:00+00:00\",\"dateModified\":\"2025-12-09T14:33:08+00:00\",\"description\":\"Vous souhaitez \u00eatre conseill\u00e9 ? Contactez-nous par email ou par t\u00e9l\u00e9phone : retrouvez toutes nos coordonn\u00e9es ici !\",\"breadcrumb\":{\"@id\":\"https:\/\/www.loiseliere.com\/de\/kontakt\/#breadcrumb\"},\"inLanguage\":\"de\",\"potentialAction\":[{\"@type\":\"ReadAction\",\"target\":[\"https:\/\/www.loiseliere.com\/de\/kontakt\/\"]}]},{\"@type\":\"ImageObject\",\"inLanguage\":\"de\",\"@id\":\"https:\/\/www.loiseliere.com\/de\/kontakt\/#primaryimage\",\"url\":\"https:\/\/www.loiseliere.com\/wp-content\/uploads\/2025\/02\/domaine-camping-campagne-vue-soleil-douceur-vegetation-potager-maraichage-largeur-1100.jpg\",\"contentUrl\":\"https:\/\/www.loiseliere.com\/wp-content\/uploads\/2025\/02\/domaine-camping-campagne-vue-soleil-douceur-vegetation-potager-maraichage-largeur-1100.jpg\"},{\"@type\":\"BreadcrumbList\",\"@id\":\"https:\/\/www.loiseliere.com\/de\/kontakt\/#breadcrumb\",\"itemListElement\":[{\"@type\":\"ListItem\",\"position\":1,\"name\":\"Home\",\"item\":\"https:\/\/www.loiseliere.com\/de\/\"},{\"@type\":\"ListItem\",\"position\":2,\"name\":\"Kontakt\"}]},{\"@type\":\"WebSite\",\"@id\":\"https:\/\/www.loiseliere.com\/de\/#website\",\"url\":\"https:\/\/www.loiseliere.com\/de\/\",\"name\":\"Domaine de l&#039;Oiseli\u00e8re\",\"description\":\"Camping, s\u00e9minaires et mariages\",\"publisher\":{\"@id\":\"https:\/\/www.loiseliere.com\/de\/#organization\"},\"alternateName\":\"L'Oiseli\u00e8re\",\"potentialAction\":[{\"@type\":\"SearchAction\",\"target\":{\"@type\":\"EntryPoint\",\"urlTemplate\":\"https:\/\/www.loiseliere.com\/de\/?s={search_term_string}\"},\"query-input\":{\"@type\":\"PropertyValueSpecification\",\"valueRequired\":true,\"valueName\":\"search_term_string\"}}],\"inLanguage\":\"de\"},{\"@type\":\"Organization\",\"@id\":\"https:\/\/www.loiseliere.com\/de\/#organization\",\"name\":\"Domaine de l'Oiseli\u00e8re\",\"alternateName\":\"L'Oiseli\u00e8re\",\"url\":\"https:\/\/www.loiseliere.com\/de\/\",\"logo\":{\"@type\":\"ImageObject\",\"inLanguage\":\"de\",\"@id\":\"https:\/\/www.loiseliere.com\/de\/#\/schema\/logo\/image\/\",\"url\":\"https:\/\/www.loiseliere.com\/wp-content\/uploads\/2023\/03\/Logo-oiseliere-1.png\",\"contentUrl\":\"https:\/\/www.loiseliere.com\/wp-content\/uploads\/2023\/03\/Logo-oiseliere-1.png\",\"width\":313,\"height\":260,\"caption\":\"Domaine de l'Oiseli\u00e8re\"},\"image\":{\"@id\":\"https:\/\/www.loiseliere.com\/de\/#\/schema\/logo\/image\/\"},\"sameAs\":[\"https:\/\/www.facebook.com\/loiseliere\",\"https:\/\/www.instagram.com\/ledomainedeloiseliere\/\",\"https:\/\/www.linkedin.com\/company\/domaine-de-l-oiselire\/\"]}]}<\/script>\n<!-- \/ Yoast SEO plugin. -->","yoast_head_json":{"title":"Kontakt - Domaine de l&#039;Oiseli\u00e8re","description":"Vous souhaitez \u00eatre conseill\u00e9 ? Contactez-nous par email ou par t\u00e9l\u00e9phone : retrouvez toutes nos coordonn\u00e9es ici !","robots":{"index":"index","follow":"follow","max-snippet":"max-snippet:-1","max-image-preview":"max-image-preview:large","max-video-preview":"max-video-preview:-1"},"canonical":"https:\/\/www.loiseliere.com\/de\/kontakt\/","og_locale":"de_DE","og_type":"article","og_title":"Kontakt - Domaine de l&#039;Oiseli\u00e8re","og_description":"Vous souhaitez \u00eatre conseill\u00e9 ? Contactez-nous par email ou par t\u00e9l\u00e9phone : retrouvez toutes nos coordonn\u00e9es ici !","og_url":"https:\/\/www.loiseliere.com\/de\/kontakt\/","og_site_name":"Domaine de l&#039;Oiseli\u00e8re","article_publisher":"https:\/\/www.facebook.com\/loiseliere","article_modified_time":"2025-12-09T14:33:08+00:00","og_image":[{"url":"https:\/\/www.loiseliere.com\/wp-content\/uploads\/2025\/02\/domaine-camping-campagne-vue-soleil-douceur-vegetation-potager-maraichage-largeur-1100.jpg","type":"","width":"","height":""}],"twitter_card":"summary_large_image","twitter_misc":{"Gesch\u00e4tzte Lesezeit":"3\u00a0Minuten"},"schema":{"@context":"https:\/\/schema.org","@graph":[{"@type":"WebPage","@id":"https:\/\/www.loiseliere.com\/de\/kontakt\/","url":"https:\/\/www.loiseliere.com\/de\/kontakt\/","name":"Kontakt - Domaine de l&#039;Oiseli\u00e8re","isPartOf":{"@id":"https:\/\/www.loiseliere.com\/de\/#website"},"primaryImageOfPage":{"@id":"https:\/\/www.loiseliere.com\/de\/kontakt\/#primaryimage"},"image":{"@id":"https:\/\/www.loiseliere.com\/de\/kontakt\/#primaryimage"},"thumbnailUrl":"https:\/\/www.loiseliere.com\/wp-content\/uploads\/2025\/02\/domaine-camping-campagne-vue-soleil-douceur-vegetation-potager-maraichage-largeur-1100.jpg","datePublished":"2020-03-31T11:25:00+00:00","dateModified":"2025-12-09T14:33:08+00:00","description":"Vous souhaitez \u00eatre conseill\u00e9 ? Contactez-nous par email ou par t\u00e9l\u00e9phone : retrouvez toutes nos coordonn\u00e9es ici !","breadcrumb":{"@id":"https:\/\/www.loiseliere.com\/de\/kontakt\/#breadcrumb"},"inLanguage":"de","potentialAction":[{"@type":"ReadAction","target":["https:\/\/www.loiseliere.com\/de\/kontakt\/"]}]},{"@type":"ImageObject","inLanguage":"de","@id":"https:\/\/www.loiseliere.com\/de\/kontakt\/#primaryimage","url":"https:\/\/www.loiseliere.com\/wp-content\/uploads\/2025\/02\/domaine-camping-campagne-vue-soleil-douceur-vegetation-potager-maraichage-largeur-1100.jpg","contentUrl":"https:\/\/www.loiseliere.com\/wp-content\/uploads\/2025\/02\/domaine-camping-campagne-vue-soleil-douceur-vegetation-potager-maraichage-largeur-1100.jpg"},{"@type":"BreadcrumbList","@id":"https:\/\/www.loiseliere.com\/de\/kontakt\/#breadcrumb","itemListElement":[{"@type":"ListItem","position":1,"name":"Home","item":"https:\/\/www.loiseliere.com\/de\/"},{"@type":"ListItem","position":2,"name":"Kontakt"}]},{"@type":"WebSite","@id":"https:\/\/www.loiseliere.com\/de\/#website","url":"https:\/\/www.loiseliere.com\/de\/","name":"Domaine de l&#039;Oiseli\u00e8re","description":"Camping, s\u00e9minaires et mariages","publisher":{"@id":"https:\/\/www.loiseliere.com\/de\/#organization"},"alternateName":"L'Oiseli\u00e8re","potentialAction":[{"@type":"SearchAction","target":{"@type":"EntryPoint","urlTemplate":"https:\/\/www.loiseliere.com\/de\/?s={search_term_string}"},"query-input":{"@type":"PropertyValueSpecification","valueRequired":true,"valueName":"search_term_string"}}],"inLanguage":"de"},{"@type":"Organization","@id":"https:\/\/www.loiseliere.com\/de\/#organization","name":"Domaine de l'Oiseli\u00e8re","alternateName":"L'Oiseli\u00e8re","url":"https:\/\/www.loiseliere.com\/de\/","logo":{"@type":"ImageObject","inLanguage":"de","@id":"https:\/\/www.loiseliere.com\/de\/#\/schema\/logo\/image\/","url":"https:\/\/www.loiseliere.com\/wp-content\/uploads\/2023\/03\/Logo-oiseliere-1.png","contentUrl":"https:\/\/www.loiseliere.com\/wp-content\/uploads\/2023\/03\/Logo-oiseliere-1.png","width":313,"height":260,"caption":"Domaine de l'Oiseli\u00e8re"},"image":{"@id":"https:\/\/www.loiseliere.com\/de\/#\/schema\/logo\/image\/"},"sameAs":["https:\/\/www.facebook.com\/loiseliere","https:\/\/www.instagram.com\/ledomainedeloiseliere\/","https:\/\/www.linkedin.com\/company\/domaine-de-l-oiselire\/"]}]}},"_links":{"self":[{"href":"https:\/\/www.loiseliere.com\/de\/wp-json\/wp\/v2\/pages\/20693","targetHints":{"allow":["GET"]}}],"collection":[{"href":"https:\/\/www.loiseliere.com\/de\/wp-json\/wp\/v2\/pages"}],"about":[{"href":"https:\/\/www.loiseliere.com\/de\/wp-json\/wp\/v2\/types\/page"}],"author":[{"embeddable":true,"href":"https:\/\/www.loiseliere.com\/de\/wp-json\/wp\/v2\/users\/2"}],"replies":[{"embeddable":true,"href":"https:\/\/www.loiseliere.com\/de\/wp-json\/wp\/v2\/comments?post=20693"}],"version-history":[{"count":8,"href":"https:\/\/www.loiseliere.com\/de\/wp-json\/wp\/v2\/pages\/20693\/revisions"}],"predecessor-version":[{"id":36675,"href":"https:\/\/www.loiseliere.com\/de\/wp-json\/wp\/v2\/pages\/20693\/revisions\/36675"}],"wp:attachment":[{"href":"https:\/\/www.loiseliere.com\/de\/wp-json\/wp\/v2\/media?parent=20693"}],"curies":[{"name":"wp","href":"https:\/\/api.w.org\/{rel}","templated":true}]}}